{"id":6,"date":"2019-10-02T18:04:20","date_gmt":"2019-10-02T18:04:20","guid":{"rendered":"http:\/\/compagnie-revesdelles.com\/?page_id=6"},"modified":"2025-08-14T14:49:27","modified_gmt":"2025-08-14T14:49:27","slug":"notre-site-fait-peau-neuve","status":"publish","type":"page","link":"https:\/\/compagnie-revesdelles.com\/","title":{"rendered":"Bienvenue!"},"content":{"rendered":"\n<p class=\"has-text-align-left\">La compagnie R\u00eaves d&#8217;Elles a f\u00eat\u00e9 ses vingt ans en 2024 avec une petite cr\u00e9ation humaine (notre futur jeune public \ud83d\ude09 ) et en parall\u00e8le, la compagnie est en pleine r\u00e9flexion quant \u00e0 ses futurs projets. <br>N\u00e9anmoins, n&#8217;h\u00e9sitez pas \u00e0 me contacter pour les spectacles &#8220;Les \u00e9lastiques d&#8217;Ang\u00e9lique&#8221; et &#8220;Soi&#8221; qui sont toujours actifs.<\/p>\n\n\n\n<p class=\"has-text-align-left\">Vous trouverez les dossiers des spectacles, ci-apr\u00e8s : <\/p>\n\n\n\n<p> <a rel=\"noreferrer noopener\" href=\"http:\/\/compagnie-revesdelles.com\/wp-content\/uploads\/2019\/10\/dossier-angelique.pdf\" target=\"_blank\">&#8220;Les \u00e9lastiques d&#8217;Ang\u00e9lique&#8221; <\/a> <br><br><a rel=\"noreferrer noopener\" aria-label=\"\ufffc (opens in a new tab)\" href=\"http:\/\/compagnie-revesdelles.com\/wp-content\/uploads\/2019\/10\/dossier-angelique.pdf\" target=\"_blank\"><img loading=\"lazy\" decoding=\"async\" width=\"150\" height=\"204\" class=\"wp-image-18\" style=\"width: 150px;\" src=\"http:\/\/compagnie-revesdelles.com\/wp-content\/uploads\/2019\/10\/\u00e9lastiques_small.jpg\" alt=\"Les \u00e9lastiques d'Ang\u00e9lique\" srcset=\"https:\/\/compagnie-revesdelles.com\/wp-content\/uploads\/2019\/10\/\u00e9lastiques_small.jpg 461w, https:\/\/compagnie-revesdelles.com\/wp-content\/uploads\/2019\/10\/\u00e9lastiques_small-220x300.jpg 220w\" sizes=\"auto, (max-width: 150px) 100vw, 150px\" \/><\/a> <a rel=\"noreferrer noopener\" aria-label=\"&quot;Les \u00e9lastiques d'Ang\u00e9liques&quot; \n (opens in a new tab)\" href=\"http:\/\/compagnie-revesdelles.com\/wp-content\/uploads\/2019\/10\/dossier-angelique.pdf\" target=\"_blank\"><br><\/a><br><a rel=\"noreferrer noopener\" aria-label=\" (opens in a new tab)\" href=\"http:\/\/compagnie-revesdelles.com\/wp-content\/uploads\/2019\/10\/dossier-soi.pdf\" target=\"_blank\">&#8220;Soi&#8221;<\/a><br><br><a rel=\"noreferrer noopener\" aria-label=\"\ufffc (opens in a new tab)\" href=\"http:\/\/compagnie-revesdelles.com\/wp-content\/uploads\/2019\/10\/dossier-soi.pdf\" target=\"_blank\"><img loading=\"lazy\" decoding=\"async\" width=\"96\" height=\"318\" class=\"wp-image-29\" style=\"width: 96px;\" src=\"http:\/\/compagnie-revesdelles.com\/wp-content\/uploads\/2019\/10\/Soi_small.jpg\" alt=\"\" srcset=\"https:\/\/compagnie-revesdelles.com\/wp-content\/uploads\/2019\/10\/Soi_small.jpg 96w, https:\/\/compagnie-revesdelles.com\/wp-content\/uploads\/2019\/10\/Soi_small-91x300.jpg 91w\" sizes=\"auto, (max-width: 96px) 100vw, 96px\" \/><\/a><\/p>\n\n\n\n<p><br><strong>Lieux de repr\u00e9sentation : <\/strong><\/p>\n\n\n\n<ul class=\"wp-block-list\">\n<li>Festivals, th\u00e9\u00e2tres accueillant des spectacles jeune public, cr\u00e8ches, biblioth\u00e8ques et m\u00e9diath\u00e8ques, etc. <\/li>\n<\/ul>\n\n\n\n<p><strong>Nos pr\u00e9c\u00e9dentes dates : <\/strong><\/p>\n\n\n\n<ul class=\"wp-block-list\">\n<li>21 novembre \u00e0 18h00 \u00e0 la salle de la renaissance \u00e0 Montfalcon-en-velay &#8211; <strong>&#8220;Soi&#8221;<\/strong><\/li>\n\n\n\n<li>22 novembre \u00e0 10h00 \u00e0 la salle de la renaissance \u00e0 Montfalcon-en-velay &#8211; <strong>&#8220;Soi&#8221;<\/strong><\/li>\n\n\n\n<li>9 d\u00e9cembre \u00e0 10h15 et 16h00 au centre socioculturel Les Libellules \u00e0 Gex &#8211; <strong>&#8220;Soi&#8221;<\/strong><\/li>\n\n\n\n<li>29 octobre \u00e0 10h30 et 16h30 \u00e0 Annemasse dans le cadre du festival &#8220;Festim\u00f4m'&#8221; &#8211; <strong>&#8220;Soi&#8221;<\/strong><\/li>\n\n\n\n<li>12 novembre \u00e0 l&#8217;\u00e9cole Perrignier &#8211; <strong>&#8220;Soi&#8221;<\/strong><\/li>\n\n\n\n<li>18 mars \u00e0 Carouge \/ Suisse &#8211; Espace Grosselin &#8211; <strong>&#8220;Les \u00e9lastiques d&#8217;Ang\u00e9lique&#8221;<\/strong><\/li>\n\n\n\n<li>27 mai \u00e0 Seynod &#8211; Poly\u00e8dre &#8211; <strong>&#8220;Les \u00e9lastiques d&#8217;Ang\u00e9lique&#8221;<\/strong><\/li>\n\n\n\n<li>7 mars \u00e0 Chamb\u00e9ry dans le cadre du festival Saperlipopette &#8211; <strong>&#8220;Les \u00e9lastiques d&#8217;Ang\u00e9lique&#8221;<\/strong><\/li>\n\n\n\n<li>6 f\u00e9vrier \u00e0 Duingt &#8211; <strong>&#8220;Les \u00e9lastiques d&#8217;Ang\u00e9lique&#8221;<\/strong><\/li>\n\n\n\n<li>20 d\u00e9cembre au Bourget-du-Lac &#8211;<strong> &#8220;Soi&#8221;<\/strong><\/li>\n\n\n\n<li>28-29-30 novembre \u00e0 Seynod dans le cadre de &#8220;Au tour des enfants&#8221; (\u00e9v\u00e9nement organis\u00e9 par Bonlieu Sc\u00e8ne Nationale) &#8211; <strong>&#8220;Les \u00e9lastiques d&#8217;Ang\u00e9lique&#8221;<\/strong><\/li>\n\n\n\n<li>14-15-16 novembre respectivement au Bouchet-Saint-Nicolas, au Puy-en-Velay et \u00e0 Saint-Julien-Chapteuil en Haute-Loire &#8211; <strong>&#8220;Les \u00e9lastiques d&#8217;Ang\u00e9lique&#8221;<\/strong><\/li>\n\n\n\n<li>9 novembre \u00e0 Craponne-sur-Arzon &#8211; <strong>&#8220;Les \u00e9lastiques d&#8217;Ang\u00e9lique&#8221;<\/strong><\/li>\n\n\n\n<li>11 octobre \u00e0 Montr\u00e9al-la-Cluse &#8211; <strong>&#8220;Soi&#8221;<\/strong><\/li>\n<\/ul>\n\n\n\n<p><br><strong>Pour nous contacter : <\/strong><br><br>No\u00e9mie Corbaux<br><a href=\"mailto:compagnie.revesdelles@gmail.com\">compagnie.revesdelles@gmail.com<\/a><br>France : +33 6 66 25 70 98<br>Suisse :  +41 76 778 63 40<\/p>\n","protected":false},"excerpt":{"rendered":"<p>La compagnie R\u00eaves d&#8217;Elles a f\u00eat\u00e9 ses vingt ans en 2024 avec une petite cr\u00e9ation humaine (notre futur jeune public \ud83d\ude09 ) et en parall\u00e8le, la compagnie est en pleine r\u00e9flexion quant \u00e0 ses futurs projets. N\u00e9anmoins, n&#8217;h\u00e9sitez pas \u00e0 me contacter pour les spectacles &#8220;Les \u00e9lastiques d&#8217;Ang\u00e9lique&#8221; et &#8220;Soi&#8221; qui sont toujours actifs. Vous &hellip; <\/p>\n<p class=\"link-more\"><a href=\"https:\/\/compagnie-revesdelles.com\/\" class=\"more-link\">Continue reading<span class=\"screen-reader-text\"> &#8220;Bienvenue!&#8221;<\/span><\/a><\/p>\n","protected":false},"author":1,"featured_media":0,"parent":0,"menu_order":0,"comment_status":"closed","ping_status":"closed","template":"","meta":{"footnotes":""},"class_list":["post-6","page","type-page","status-publish","hentry"],"_links":{"self":[{"href":"https:\/\/compagnie-revesdelles.com\/index.php?rest_route=\/wp\/v2\/pages\/6","targetHints":{"allow":["GET"]}}],"collection":[{"href":"https:\/\/compagnie-revesdelles.com\/index.php?rest_route=\/wp\/v2\/pages"}],"about":[{"href":"https:\/\/compagnie-revesdelles.com\/index.php?rest_route=\/wp\/v2\/types\/page"}],"author":[{"embeddable":true,"href":"https:\/\/compagnie-revesdelles.com\/index.php?rest_route=\/wp\/v2\/users\/1"}],"replies":[{"embeddable":true,"href":"https:\/\/compagnie-revesdelles.com\/index.php?rest_route=%2Fwp%2Fv2%2Fcomments&post=6"}],"version-history":[{"count":31,"href":"https:\/\/compagnie-revesdelles.com\/index.php?rest_route=\/wp\/v2\/pages\/6\/revisions"}],"predecessor-version":[{"id":108,"href":"https:\/\/compagnie-revesdelles.com\/index.php?rest_route=\/wp\/v2\/pages\/6\/revisions\/108"}],"wp:attachment":[{"href":"https:\/\/compagnie-revesdelles.com\/index.php?rest_route=%2Fwp%2Fv2%2Fmedia&parent=6"}],"curies":[{"name":"wp","href":"https:\/\/api.w.org\/{rel}","templated":true}]}}